{"id":5191,"date":"2021-05-08T14:45:58","date_gmt":"2021-05-08T11:45:58","guid":{"rendered":"http:\/\/dienasnometne.lv\/?page_id=5191"},"modified":"2022-02-17T17:24:26","modified_gmt":"2022-02-17T14:24:26","slug":"finansists","status":"publish","type":"page","link":"https:\/\/dienasnometne.lv\/en\/finansists\/","title":{"rendered":"MAZAIS FINANSISTS 2021 DIENAS NOMETNE"},"content":{"rendered":"","protected":true},"excerpt":{"rendered":"","protected":true},"author":5,"featured_media":0,"parent":0,"menu_order":0,"comment_status":"closed","ping_status":"closed","template":"","meta":{"site-sidebar-layout":"no-sidebar","site-content-layout":"page-builder","ast-site-content-layout":"default","site-content-style":"default","site-sidebar-style":"default","ast-global-header-display":"","ast-banner-title-visibility":"","ast-main-header-display":"disabled","ast-hfb-above-header-display":"","ast-hfb-below-header-display":"","ast-hfb-mobile-header-display":"","site-post-title":"disabled","ast-breadcrumbs-content":"","ast-featured-img":"disabled","footer-sml-layout":"","ast-disable-related-posts":"","theme-transparent-header-meta":"default","adv-header-id-meta":"","stick-header-meta":"","header-above-stick-meta":"","header-main-stick-meta":"","header-below-stick-meta":"","astra-migrate-meta-layouts":"default","ast-page-background-enabled":"default","ast-page-background-meta":{"desktop":{"background-color":"","background-image":"","background-repeat":"repeat","background-position":"center center","background-size":"auto","background-attachment":"scroll","background-type":"","background-media":"","overlay-type":"","overlay-color":"","overlay-opacity":"","overlay-gradient":""},"tablet":{"background-color":"","background-image":"","background-repeat":"repeat","background-position":"center center","background-size":"auto","background-attachment":"scroll","background-type":"","background-media":"","overlay-type":"","overlay-color":"","overlay-opacity":"","overlay-gradient":""},"mobile":{"background-color":"","background-image":"","background-repeat":"repeat","background-position":"center center","background-size":"auto","background-attachment":"scroll","background-type":"","background-media":"","overlay-type":"","overlay-color":"","overlay-opacity":"","overlay-gradient":""}},"ast-content-background-meta":{"desktop":{"background-color":"var(--ast-global-color-5)","background-image":"","background-repeat":"repeat","background-position":"center center","background-size":"auto","background-attachment":"scroll","background-type":"","background-media":"","overlay-type":"","overlay-color":"","overlay-opacity":"","overlay-gradient":""},"tablet":{"background-color":"var(--ast-global-color-5)","background-image":"","background-repeat":"repeat","background-position":"center center","background-size":"auto","background-attachment":"scroll","background-type":"","background-media":"","overlay-type":"","overlay-color":"","overlay-opacity":"","overlay-gradient":""},"mobile":{"background-color":"var(--ast-global-color-5)","background-image":"","background-repeat":"repeat","background-position":"center center","background-size":"auto","background-attachment":"scroll","background-type":"","background-media":"","overlay-type":"","overlay-color":"","overlay-opacity":"","overlay-gradient":""}},"footnotes":""},"class_list":["post-5191","page","type-page","status-publish","post-password-required","hentry"],"yoast_head":"<!-- This site is optimized with the Yoast SEO plugin v27.4 - https:\/\/yoast.com\/product\/yoast-seo-wordpress\/ -->\n<title>MAZAIS FINANSISTS 2021 DIENAS NOMETNE &#187; BR\u012aNUMZEME<\/title>\n<meta name=\"description\" content=\"Izzin\u0101t nezin\u0101mo, izprast nesaprotamo un izsp\u0113l\u0113t sp\u0113l\u0113jamo \u2013 tie\u0161i t\u0101ds ir izcils vasaras br\u012bvlaiks, un tie\u0161i t\u0101du m\u0113s pied\u0101v\u0101jam\" \/>\n<meta name=\"robots\" content=\"index, follow, max-snippet:-1, max-image-preview:large, max-video-preview:-1\" \/>\n<link rel=\"canonical\" href=\"https:\/\/dienasnometne.lv\/en\/finansists\/\" \/>\n<meta property=\"og:locale\" content=\"en_GB\" \/>\n<meta property=\"og:type\" content=\"article\" \/>\n<meta property=\"og:title\" content=\"BR\u012aNUMZEME\" \/>\n<meta property=\"og:description\" content=\"dienas nometne\" \/>\n<meta property=\"og:url\" content=\"https:\/\/dienasnometne.lv\/en\/finansists\/\" \/>\n<meta property=\"og:site_name\" content=\"BR\u012aNUMZEME\" \/>\n<meta property=\"article:publisher\" content=\"https:\/\/www.facebook.com\/dienasnometne\" \/>\n<meta property=\"article:modified_time\" content=\"2022-02-17T14:24:26+00:00\" \/>\n<meta name=\"twitter:card\" content=\"summary_large_image\" \/>\n<meta name=\"twitter:label1\" content=\"Estimated reading time\" \/>\n\t<meta name=\"twitter:data1\" content=\"22 minutes\" \/>\n<script type=\"application\/ld+json\" class=\"yoast-schema-graph\">{\"@context\":\"https:\\\/\\\/schema.org\",\"@graph\":[{\"@type\":\"WebPage\",\"@id\":\"https:\\\/\\\/dienasnometne.lv\\\/finansists\\\/\",\"url\":\"https:\\\/\\\/dienasnometne.lv\\\/finansists\\\/\",\"name\":\"MAZAIS FINANSISTS 2021 DIENAS NOMETNE &#187; BR\u012aNUMZEME\",\"isPartOf\":{\"@id\":\"https:\\\/\\\/dienasnometne.lv\\\/#website\"},\"datePublished\":\"2021-05-08T11:45:58+00:00\",\"dateModified\":\"2022-02-17T14:24:26+00:00\",\"breadcrumb\":{\"@id\":\"https:\\\/\\\/dienasnometne.lv\\\/finansists\\\/#breadcrumb\"},\"inLanguage\":\"en-GB\"},{\"@type\":\"WebSite\",\"@id\":\"https:\\\/\\\/dienasnometne.lv\\\/#website\",\"url\":\"https:\\\/\\\/dienasnometne.lv\\\/\",\"name\":\"BR\u012aNUMZEME\",\"description\":\"\",\"publisher\":{\"@id\":\"https:\\\/\\\/dienasnometne.lv\\\/#organization\"},\"potentialAction\":[{\"@type\":\"SearchAction\",\"target\":{\"@type\":\"EntryPoint\",\"urlTemplate\":\"https:\\\/\\\/dienasnometne.lv\\\/?s={search_term_string}\"},\"query-input\":{\"@type\":\"PropertyValueSpecification\",\"valueRequired\":true,\"valueName\":\"search_term_string\"}}],\"inLanguage\":\"en-GB\"},{\"@type\":\"Organization\",\"@id\":\"https:\\\/\\\/dienasnometne.lv\\\/#organization\",\"name\":\"BR\u012aNUMZEME\",\"url\":\"https:\\\/\\\/dienasnometne.lv\\\/\",\"logo\":{\"@type\":\"ImageObject\",\"inLanguage\":\"en-GB\",\"@id\":\"https:\\\/\\\/dienasnometne.lv\\\/#\\\/schema\\\/logo\\\/image\\\/\",\"url\":\"http:\\\/\\\/dienasnometne.lv\\\/wp-content\\\/uploads\\\/2020\\\/04\\\/PALIEC.jpg\",\"contentUrl\":\"http:\\\/\\\/dienasnometne.lv\\\/wp-content\\\/uploads\\\/2020\\\/04\\\/PALIEC.jpg\",\"width\":1066,\"height\":879,\"caption\":\"BR\u012aNUMZEME\"},\"image\":{\"@id\":\"https:\\\/\\\/dienasnometne.lv\\\/#\\\/schema\\\/logo\\\/image\\\/\"},\"sameAs\":[\"https:\\\/\\\/www.facebook.com\\\/dienasnometne\",\"https:\\\/\\\/www.instagram.com\\\/dienasnometnes\\\/\",\"https:\\\/\\\/www.linkedin.com\\\/company\\\/we-are-very\\\/\",\"https:\\\/\\\/www.youtube.com\\\/playlist?list=PL1bGYQEpkGZ2IU0d94tDX2JNFy_v2XXBE\"]}]}<\/script>\n<!-- \/ Yoast SEO plugin. -->","yoast_head_json":{"title":"MAZAIS FINANSISTS 2021 DIENAS NOMETNE &#187; BR\u012aNUMZEME","description":"Izzin\u0101t nezin\u0101mo, izprast nesaprotamo un izsp\u0113l\u0113t sp\u0113l\u0113jamo \u2013 tie\u0161i t\u0101ds ir izcils vasaras br\u012bvlaiks, un tie\u0161i t\u0101du m\u0113s pied\u0101v\u0101jam","robots":{"index":"index","follow":"follow","max-snippet":"max-snippet:-1","max-image-preview":"max-image-preview:large","max-video-preview":"max-video-preview:-1"},"canonical":"https:\/\/dienasnometne.lv\/en\/finansists\/","og_locale":"en_GB","og_type":"article","og_title":"BR\u012aNUMZEME","og_description":"dienas nometne","og_url":"https:\/\/dienasnometne.lv\/en\/finansists\/","og_site_name":"BR\u012aNUMZEME","article_publisher":"https:\/\/www.facebook.com\/dienasnometne","article_modified_time":"2022-02-17T14:24:26+00:00","twitter_card":"summary_large_image","twitter_misc":{"Estimated reading time":"22 minutes"},"schema":{"@context":"https:\/\/schema.org","@graph":[{"@type":"WebPage","@id":"https:\/\/dienasnometne.lv\/finansists\/","url":"https:\/\/dienasnometne.lv\/finansists\/","name":"MAZAIS FINANSISTS 2021 DIENAS NOMETNE &#187; BR\u012aNUMZEME","isPartOf":{"@id":"https:\/\/dienasnometne.lv\/#website"},"datePublished":"2021-05-08T11:45:58+00:00","dateModified":"2022-02-17T14:24:26+00:00","breadcrumb":{"@id":"https:\/\/dienasnometne.lv\/finansists\/#breadcrumb"},"inLanguage":"en-GB"},{"@type":"WebSite","@id":"https:\/\/dienasnometne.lv\/#website","url":"https:\/\/dienasnometne.lv\/","name":"BR\u012aNUMZEME","description":"","publisher":{"@id":"https:\/\/dienasnometne.lv\/#organization"},"potentialAction":[{"@type":"SearchAction","target":{"@type":"EntryPoint","urlTemplate":"https:\/\/dienasnometne.lv\/?s={search_term_string}"},"query-input":{"@type":"PropertyValueSpecification","valueRequired":true,"valueName":"search_term_string"}}],"inLanguage":"en-GB"},{"@type":"Organization","@id":"https:\/\/dienasnometne.lv\/#organization","name":"BR\u012aNUMZEME","url":"https:\/\/dienasnometne.lv\/","logo":{"@type":"ImageObject","inLanguage":"en-GB","@id":"https:\/\/dienasnometne.lv\/#\/schema\/logo\/image\/","url":"http:\/\/dienasnometne.lv\/wp-content\/uploads\/2020\/04\/PALIEC.jpg","contentUrl":"http:\/\/dienasnometne.lv\/wp-content\/uploads\/2020\/04\/PALIEC.jpg","width":1066,"height":879,"caption":"BR\u012aNUMZEME"},"image":{"@id":"https:\/\/dienasnometne.lv\/#\/schema\/logo\/image\/"},"sameAs":["https:\/\/www.facebook.com\/dienasnometne","https:\/\/www.instagram.com\/dienasnometnes\/","https:\/\/www.linkedin.com\/company\/we-are-very\/","https:\/\/www.youtube.com\/playlist?list=PL1bGYQEpkGZ2IU0d94tDX2JNFy_v2XXBE"]}]}},"post_mailing_queue_ids":[],"_links":{"self":[{"href":"https:\/\/dienasnometne.lv\/en\/wp-json\/wp\/v2\/pages\/5191","targetHints":{"allow":["GET"]}}],"collection":[{"href":"https:\/\/dienasnometne.lv\/en\/wp-json\/wp\/v2\/pages"}],"about":[{"href":"https:\/\/dienasnometne.lv\/en\/wp-json\/wp\/v2\/types\/page"}],"author":[{"embeddable":true,"href":"https:\/\/dienasnometne.lv\/en\/wp-json\/wp\/v2\/users\/5"}],"replies":[{"embeddable":true,"href":"https:\/\/dienasnometne.lv\/en\/wp-json\/wp\/v2\/comments?post=5191"}],"version-history":[{"count":414,"href":"https:\/\/dienasnometne.lv\/en\/wp-json\/wp\/v2\/pages\/5191\/revisions"}],"predecessor-version":[{"id":7669,"href":"https:\/\/dienasnometne.lv\/en\/wp-json\/wp\/v2\/pages\/5191\/revisions\/7669"}],"wp:attachment":[{"href":"https:\/\/dienasnometne.lv\/en\/wp-json\/wp\/v2\/media?parent=5191"}],"curies":[{"name":"wp","href":"https:\/\/api.w.org\/{rel}","templated":true}]}}